{"id":585,"date":"2025-11-27T09:36:01","date_gmt":"2025-11-27T09:36:01","guid":{"rendered":"https:\/\/juanluisdiazarquitectotecnico.com\/?page_id=585"},"modified":"2025-11-27T09:40:18","modified_gmt":"2025-11-27T09:40:18","slug":"quienes-somos","status":"publish","type":"page","link":"https:\/\/juanluisdiazarquitectotecnico.com\/en\/quienes-somos\/","title":{"rendered":"Quienes somos"},"content":{"rendered":"<div data-elementor-type=\"wp-page\" data-elementor-id=\"585\" class=\"elementor elementor-585\">\n\t\t\t\t\t\t<section class=\"elementor-section elementor-top-section elementor-element elementor-element-3faaedb5 elementor-section-boxed elementor-section-height-default elementor-section-height-default wpr-particle-no wpr-jarallax-no wpr-parallax-no wpr-sticky-section-no\" data-id=\"3faaedb5\" data-element_type=\"section\" data-settings=\"{&quot;background_background&quot;:&quot;classic&quot;}\">\n\t\t\t\t\t\t<div class=\"elementor-container elementor-column-gap-no\">\n\t\t\t\t\t<div class=\"elementor-column elementor-col-100 elementor-top-column elementor-element elementor-element-35e96b61\" data-id=\"35e96b61\" data-element_type=\"column\">\n\t\t\t<div class=\"elementor-widget-wrap elementor-element-populated\">\n\t\t\t\t\t\t<div class=\"elementor-element elementor-element-34c3ca04 elementor-invisible elementor-widget elementor-widget-heading\" data-id=\"34c3ca04\" data-element_type=\"widget\" data-settings=\"{&quot;_animation&quot;:&quot;fadeInUp&quot;}\" data-widget_type=\"heading.default\">\n\t\t\t\t\t<h3 class=\"elementor-heading-title elementor-size-default\">\u00bfQui\u00e9nes somos?<\/h3>\t\t\t\t<\/div>\n\t\t\t\t<div class=\"elementor-element elementor-element-50ef3f4f elementor-invisible elementor-widget elementor-widget-text-editor\" data-id=\"50ef3f4f\" data-element_type=\"widget\" data-settings=\"{&quot;_animation&quot;:&quot;fadeInUp&quot;,&quot;_animation_delay&quot;:200}\" data-widget_type=\"text-editor.default\">\n\t\t\t\t\t\t\t\t\t<p class=\"font-claude-response-body whitespace-normal break-words\">En <strong>Juan Luis D\u00edaz Arquitecto T\u00e9cnico<\/strong> ofrecemos servicios profesionales de arquitectura t\u00e9cnica con el compromiso de garantizar la m\u00e1xima calidad, seguridad y eficiencia en cada proyecto.<\/p><p class=\"font-claude-response-body whitespace-normal break-words\">Nuestro objetivo es proporcionar soluciones t\u00e9cnicas precisas, rigurosas y adaptadas a las necesidades de cada cliente, ya sean particulares, empresas o administraciones p\u00fablicas.<\/p><p class=\"font-claude-response-body whitespace-normal break-words\">Trabajamos cada d\u00eda para ofrecer un servicio cercano, transparente y personalizado. Combinamos experiencia profesional con conocimiento t\u00e9cnico actualizado, enfocados en resolver cualquier necesidad constructiva de forma eficaz.<\/p><p class=\"font-claude-response-body whitespace-normal break-words\">En Juan Luis D\u00edaz Arquitecto T\u00e9cnico creemos en una edificaci\u00f3n responsable, segura y de calidad.<\/p>\t\t\t\t\t\t\t\t<\/div>\n\t\t\t\t<div class=\"elementor-element elementor-element-12c26bb4 elementor-invisible elementor-widget elementor-widget-image\" data-id=\"12c26bb4\" data-element_type=\"widget\" data-settings=\"{&quot;_animation&quot;:&quot;zoomIn&quot;,&quot;_animation_delay&quot;:400}\" data-widget_type=\"image.default\">\n\t\t\t\t\t\t\t\t\t\t\t\t\t\t\t<img fetchpriority=\"high\" decoding=\"async\" width=\"1000\" height=\"667\" src=\"https:\/\/juanluisdiazarquitectotecnico.com\/wp-content\/uploads\/2025\/11\/11927.jpg\" class=\"attachment-full size-full wp-image-417\" alt=\"\" srcset=\"https:\/\/juanluisdiazarquitectotecnico.com\/wp-content\/uploads\/2025\/11\/11927.jpg 1000w, https:\/\/juanluisdiazarquitectotecnico.com\/wp-content\/uploads\/2025\/11\/11927-300x200.jpg 300w, https:\/\/juanluisdiazarquitectotecnico.com\/wp-content\/uploads\/2025\/11\/11927-768x512.jpg 768w, https:\/\/juanluisdiazarquitectotecnico.com\/wp-content\/uploads\/2025\/11\/11927-18x12.jpg 18w\" sizes=\"(max-width: 1000px) 100vw, 1000px\" \/>\t\t\t\t\t\t\t\t\t\t\t\t\t\t\t<\/div>\n\t\t\t\t\t<\/div>\n\t\t<\/div>\n\t\t\t\t\t<\/div>\n\t\t<\/section>\n\t\t\t\t<section class=\"elementor-section elementor-top-section elementor-element elementor-element-7eb98e66 elementor-section-boxed elementor-section-height-default elementor-section-height-default wpr-particle-no wpr-jarallax-no wpr-parallax-no wpr-sticky-section-no\" data-id=\"7eb98e66\" data-element_type=\"section\" data-settings=\"{&quot;background_background&quot;:&quot;classic&quot;}\">\n\t\t\t\t\t\t<div class=\"elementor-container elementor-column-gap-no\">\n\t\t\t\t\t<div class=\"elementor-column elementor-col-100 elementor-top-column elementor-element elementor-element-26b548a4\" data-id=\"26b548a4\" data-element_type=\"column\">\n\t\t\t<div class=\"elementor-widget-wrap elementor-element-populated\">\n\t\t\t\t\t\t<section class=\"elementor-section elementor-inner-section elementor-element elementor-element-384a2fbe elementor-section-boxed elementor-section-height-default elementor-section-height-default wpr-particle-no wpr-jarallax-no wpr-parallax-no wpr-sticky-section-no elementor-invisible\" data-id=\"384a2fbe\" data-element_type=\"section\" data-settings=\"{&quot;animation&quot;:&quot;zoomIn&quot;}\">\n\t\t\t\t\t\t<div class=\"elementor-container elementor-column-gap-no\">\n\t\t\t\t\t<div class=\"elementor-column elementor-col-100 elementor-inner-column elementor-element elementor-element-230801ad\" data-id=\"230801ad\" data-element_type=\"column\">\n\t\t\t<div class=\"elementor-widget-wrap elementor-element-populated\">\n\t\t\t\t\t\t<div class=\"elementor-element elementor-element-527895ad elementor-widget elementor-widget-heading\" data-id=\"527895ad\" data-element_type=\"widget\" data-widget_type=\"heading.default\">\n\t\t\t\t\t<h2 class=\"elementor-heading-title elementor-size-default\">\u00bfPor qu\u00e9 elegirnos?<\/h2>\t\t\t\t<\/div>\n\t\t\t\t\t<\/div>\n\t\t<\/div>\n\t\t\t\t\t<\/div>\n\t\t<\/section>\n\t\t\t\t<section class=\"elementor-section elementor-inner-section elementor-element elementor-element-736157ce elementor-section-full_width elementor-section-height-default elementor-section-height-default wpr-particle-no wpr-jarallax-no wpr-parallax-no wpr-sticky-section-no\" data-id=\"736157ce\" data-element_type=\"section\">\n\t\t\t\t\t\t<div class=\"elementor-container elementor-column-gap-no\">\n\t\t\t\t\t<div class=\"elementor-column elementor-col-33 elementor-inner-column elementor-element elementor-element-5393291e\" data-id=\"5393291e\" data-element_type=\"column\">\n\t\t\t<div class=\"elementor-widget-wrap elementor-element-populated\">\n\t\t\t\t\t\t<div class=\"elementor-element elementor-element-6e746aa9 eael-infobox-content-align--center eael-infobox-shape-square eael-infobox-hover-img-shape-square elementor-invisible elementor-widget elementor-widget-eael-info-box\" data-id=\"6e746aa9\" data-element_type=\"widget\" data-settings=\"{&quot;_animation&quot;:&quot;zoomIn&quot;}\" data-widget_type=\"eael-info-box.default\">\n\t\t\t\t\t        <div class=\"eael-infobox icon-on-top\">\n\t            <div class=\"infobox-icon\">\n\n                            <img decoding=\"async\" src=\"\" alt=\"\">\n            \n            \n            \n        <\/div>\n            <div class=\"infobox-content\">\n                    <div class=\"infobox-title-section\">\n                <h2 class=\"title\">Experiencia detallada<\/h2>            <\/div>\n            <div><p>A\u00f1os de trayectoria profesional avalan nuestra capacidad para gestionar proyectos de obra nueva, rehabilitaci\u00f3n y reforma con garant\u00eda de \u00e9xito.<\/p><\/div>        <\/div>\n            <\/div>\n\n\t\t\t\t\t\t<\/div>\n\t\t\t\t\t<\/div>\n\t\t<\/div>\n\t\t\t\t<div class=\"elementor-column elementor-col-33 elementor-inner-column elementor-element elementor-element-708e9c6f\" data-id=\"708e9c6f\" data-element_type=\"column\">\n\t\t\t<div class=\"elementor-widget-wrap elementor-element-populated\">\n\t\t\t\t\t\t<div class=\"elementor-element elementor-element-7c1cf3dd eael-infobox-content-align--center eael-infobox-shape-square eael-infobox-hover-img-shape-square elementor-invisible elementor-widget elementor-widget-eael-info-box\" data-id=\"7c1cf3dd\" data-element_type=\"widget\" data-settings=\"{&quot;_animation&quot;:&quot;zoomIn&quot;,&quot;_animation_delay&quot;:300}\" data-widget_type=\"eael-info-box.default\">\n\t\t\t\t\t        <div class=\"eael-infobox icon-on-top\">\n\t            <div class=\"infobox-icon\">\n\n                            <img decoding=\"async\" src=\"\" alt=\"\">\n            \n            \n            \n        <\/div>\n            <div class=\"infobox-content\">\n                    <div class=\"infobox-title-section\">\n                <h2 class=\"title\">Servicio integral<\/h2>            <\/div>\n            <div><p>Desde certificados energ\u00e9ticos e ITE hasta direcci\u00f3n de obra y gesti\u00f3n de licencias. Cubrimos todas las necesidades t\u00e9cnicas de tu proyecto.<\/p><\/div>        <\/div>\n            <\/div>\n\n\t\t\t\t\t\t<\/div>\n\t\t\t\t\t<\/div>\n\t\t<\/div>\n\t\t\t\t<div class=\"elementor-column elementor-col-33 elementor-inner-column elementor-element elementor-element-397911ad\" data-id=\"397911ad\" data-element_type=\"column\">\n\t\t\t<div class=\"elementor-widget-wrap elementor-element-populated\">\n\t\t\t\t\t\t<div class=\"elementor-element elementor-element-5c464200 eael-infobox-content-align--center eael-infobox-shape-square eael-infobox-hover-img-shape-square elementor-invisible elementor-widget elementor-widget-eael-info-box\" data-id=\"5c464200\" data-element_type=\"widget\" data-settings=\"{&quot;_animation&quot;:&quot;zoomIn&quot;,&quot;_animation_delay&quot;:600}\" data-widget_type=\"eael-info-box.default\">\n\t\t\t\t\t        <div class=\"eael-infobox icon-on-top\">\n\t            <div class=\"infobox-icon\">\n\n                            <img decoding=\"async\" src=\"\" alt=\"\">\n            \n            \n            \n        <\/div>\n            <div class=\"infobox-content\">\n                    <div class=\"infobox-title-section\">\n                <h2 class=\"title\">Atenci\u00f3n personalizada<\/h2>            <\/div>\n            <div><p>Cada proyecto es \u00fanico. Te acompa\u00f1amos en todo el proceso, resolviendo dudas y ofreciendo soluciones adaptadas a tus necesidades espec\u00edficas.<\/p><\/div>        <\/div>\n            <\/div>\n\n\t\t\t\t\t\t<\/div>\n\t\t\t\t\t<\/div>\n\t\t<\/div>\n\t\t\t\t\t<\/div>\n\t\t<\/section>\n\t\t\t\t\t<\/div>\n\t\t<\/div>\n\t\t\t\t\t<\/div>\n\t\t<\/section>\n\t\t\t\t<section class=\"elementor-section elementor-top-section elementor-element elementor-element-146c43a elementor-section-boxed elementor-section-height-default elementor-section-height-default wpr-particle-no wpr-jarallax-no wpr-parallax-no wpr-sticky-section-no\" data-id=\"146c43a\" data-element_type=\"section\" data-settings=\"{&quot;background_background&quot;:&quot;classic&quot;}\">\n\t\t\t\t\t\t<div class=\"elementor-container elementor-column-gap-no\">\n\t\t\t\t\t<div class=\"elementor-column elementor-col-100 elementor-top-column elementor-element elementor-element-9243a23\" data-id=\"9243a23\" data-element_type=\"column\">\n\t\t\t<div class=\"elementor-widget-wrap elementor-element-populated\">\n\t\t\t\t\t\t<section class=\"elementor-section elementor-inner-section elementor-element elementor-element-bc08587 elementor-section-boxed elementor-section-height-default elementor-section-height-default wpr-particle-no wpr-jarallax-no wpr-parallax-no wpr-sticky-section-no elementor-invisible\" data-id=\"bc08587\" data-element_type=\"section\" data-settings=\"{&quot;animation&quot;:&quot;zoomIn&quot;}\">\n\t\t\t\t\t\t<div class=\"elementor-container elementor-column-gap-no\">\n\t\t\t\t\t<div class=\"elementor-column elementor-col-100 elementor-inner-column elementor-element elementor-element-90f75d7\" data-id=\"90f75d7\" data-element_type=\"column\">\n\t\t\t<div class=\"elementor-widget-wrap elementor-element-populated\">\n\t\t\t\t\t\t<div class=\"elementor-element elementor-element-71ade6b elementor-widget elementor-widget-heading\" data-id=\"71ade6b\" data-element_type=\"widget\" data-widget_type=\"heading.default\">\n\t\t\t\t\t<h2 class=\"elementor-heading-title elementor-size-default\">Nuestros servicios<\/h2>\t\t\t\t<\/div>\n\t\t\t\t<div class=\"elementor-element elementor-element-560b50b elementor-widget elementor-widget-image\" data-id=\"560b50b\" data-element_type=\"widget\" data-widget_type=\"image.default\">\n\t\t\t\t\t\t\t\t\t\t\t\t\t\t\t<img decoding=\"async\" width=\"1303\" height=\"472\" src=\"https:\/\/juanluisdiazarquitectotecnico.com\/wp-content\/uploads\/2025\/11\/servicios.png\" class=\"attachment-2048x2048 size-2048x2048 wp-image-468\" alt=\"\" srcset=\"https:\/\/juanluisdiazarquitectotecnico.com\/wp-content\/uploads\/2025\/11\/servicios.png 1303w, https:\/\/juanluisdiazarquitectotecnico.com\/wp-content\/uploads\/2025\/11\/servicios-300x109.png 300w, https:\/\/juanluisdiazarquitectotecnico.com\/wp-content\/uploads\/2025\/11\/servicios-1024x371.png 1024w, https:\/\/juanluisdiazarquitectotecnico.com\/wp-content\/uploads\/2025\/11\/servicios-768x278.png 768w, https:\/\/juanluisdiazarquitectotecnico.com\/wp-content\/uploads\/2025\/11\/servicios-18x7.png 18w\" sizes=\"(max-width: 1303px) 100vw, 1303px\" \/>\t\t\t\t\t\t\t\t\t\t\t\t\t\t\t<\/div>\n\t\t\t\t\t<\/div>\n\t\t<\/div>\n\t\t\t\t\t<\/div>\n\t\t<\/section>\n\t\t\t\t\t<\/div>\n\t\t<\/div>\n\t\t\t\t\t<\/div>\n\t\t<\/section>\n\t\t\t\t<\/div>","protected":false},"excerpt":{"rendered":"<p>\u00bfQui\u00e9nes somos? En Juan Luis D\u00edaz Arquitecto T\u00e9cnico ofrecemos servicios profesionales de arquitectura t\u00e9cnica con el compromiso de garantizar la m\u00e1xima calidad, seguridad y eficiencia en cada proyecto. Nuestro objetivo es proporcionar soluciones t\u00e9cnicas precisas, rigurosas y adaptadas a las necesidades de cada cliente, ya sean particulares, empresas o administraciones p\u00fablicas. Trabajamos cada d\u00eda para ofrecer un servicio cercano, transparente y personalizado. Combinamos experiencia profesional con conocimiento t\u00e9cnico actualizado, enfocados en resolver cualquier necesidad constructiva de forma eficaz. En Juan Luis D\u00edaz Arquitecto T\u00e9cnico creemos en una edificaci\u00f3n responsable, segura y de calidad. \u00bfPor qu\u00e9 elegirnos? Experiencia detallada A\u00f1os de trayectoria profesional avalan nuestra capacidad para gestionar proyectos de obra nueva, rehabilitaci\u00f3n y reforma con garant\u00eda de \u00e9xito. Servicio integral Desde certificados energ\u00e9ticos e ITE hasta direcci\u00f3n de obra y gesti\u00f3n de licencias. Cubrimos todas las necesidades t\u00e9cnicas de tu proyecto. Atenci\u00f3n personalizada Cada proyecto es \u00fanico. Te acompa\u00f1amos en todo el proceso, resolviendo dudas y ofreciendo soluciones adaptadas a tus necesidades espec\u00edficas. Nuestros servicios<\/p>","protected":false},"author":1,"featured_media":0,"parent":0,"menu_order":0,"comment_status":"closed","ping_status":"closed","template":"elementor_header_footer","meta":{"footnotes":""},"class_list":["post-585","page","type-page","status-publish","hentry"],"yoast_head":"<!-- This site is optimized with the Yoast SEO plugin v26.4 - https:\/\/yoast.com\/wordpress\/plugins\/seo\/ -->\n<title>Quienes somos - juanluisdiazarquitectotecnico<\/title>\n<meta name=\"robots\" content=\"index, follow, max-snippet:-1, max-image-preview:large, max-video-preview:-1\" \/>\n<link rel=\"canonical\" href=\"https:\/\/juanluisdiazarquitectotecnico.com\/en\/quienes-somos\/\" \/>\n<meta property=\"og:locale\" content=\"en_US\" \/>\n<meta property=\"og:type\" content=\"article\" \/>\n<meta property=\"og:title\" content=\"Quienes somos - juanluisdiazarquitectotecnico\" \/>\n<meta property=\"og:description\" content=\"\u00bfQui\u00e9nes somos? En Juan Luis D\u00edaz Arquitecto T\u00e9cnico ofrecemos servicios profesionales de arquitectura t\u00e9cnica con el compromiso de garantizar la m\u00e1xima calidad, seguridad y eficiencia en cada proyecto. Nuestro objetivo es proporcionar soluciones t\u00e9cnicas precisas, rigurosas y adaptadas a las necesidades de cada cliente, ya sean particulares, empresas o administraciones p\u00fablicas. Trabajamos cada d\u00eda para ofrecer un servicio cercano, transparente y personalizado. Combinamos experiencia profesional con conocimiento t\u00e9cnico actualizado, enfocados en resolver cualquier necesidad constructiva de forma eficaz. En Juan Luis D\u00edaz Arquitecto T\u00e9cnico creemos en una edificaci\u00f3n responsable, segura y de calidad. \u00bfPor qu\u00e9 elegirnos? Experiencia detallada A\u00f1os de trayectoria profesional avalan nuestra capacidad para gestionar proyectos de obra nueva, rehabilitaci\u00f3n y reforma con garant\u00eda de \u00e9xito. Servicio integral Desde certificados energ\u00e9ticos e ITE hasta direcci\u00f3n de obra y gesti\u00f3n de licencias. Cubrimos todas las necesidades t\u00e9cnicas de tu proyecto. Atenci\u00f3n personalizada Cada proyecto es \u00fanico. Te acompa\u00f1amos en todo el proceso, resolviendo dudas y ofreciendo soluciones adaptadas a tus necesidades espec\u00edficas. Nuestros servicios\" \/>\n<meta property=\"og:url\" content=\"https:\/\/juanluisdiazarquitectotecnico.com\/en\/quienes-somos\/\" \/>\n<meta property=\"og:site_name\" content=\"juanluisdiazarquitectotecnico\" \/>\n<meta property=\"article:modified_time\" content=\"2025-11-27T09:40:18+00:00\" \/>\n<meta property=\"og:image\" content=\"https:\/\/juanluisdiazarquitectotecnico.com\/wp-content\/uploads\/2025\/11\/11927.jpg\" \/>\n\t<meta property=\"og:image:width\" content=\"1000\" \/>\n\t<meta property=\"og:image:height\" content=\"667\" \/>\n\t<meta property=\"og:image:type\" content=\"image\/jpeg\" \/>\n<meta name=\"twitter:card\" content=\"summary_large_image\" \/>\n<meta name=\"twitter:label1\" content=\"Est. reading time\" \/>\n\t<meta name=\"twitter:data1\" content=\"2 minutes\" \/>\n<script type=\"application\/ld+json\" class=\"yoast-schema-graph\">{\"@context\":\"https:\/\/schema.org\",\"@graph\":[{\"@type\":\"WebPage\",\"@id\":\"https:\/\/juanluisdiazarquitectotecnico.com\/quienes-somos\/\",\"url\":\"https:\/\/juanluisdiazarquitectotecnico.com\/quienes-somos\/\",\"name\":\"Quienes somos - juanluisdiazarquitectotecnico\",\"isPartOf\":{\"@id\":\"https:\/\/juanluisdiazarquitectotecnico.com\/#website\"},\"primaryImageOfPage\":{\"@id\":\"https:\/\/juanluisdiazarquitectotecnico.com\/quienes-somos\/#primaryimage\"},\"image\":{\"@id\":\"https:\/\/juanluisdiazarquitectotecnico.com\/quienes-somos\/#primaryimage\"},\"thumbnailUrl\":\"https:\/\/juanluisdiazarquitectotecnico.com\/wp-content\/uploads\/2025\/11\/11927.jpg\",\"datePublished\":\"2025-11-27T09:36:01+00:00\",\"dateModified\":\"2025-11-27T09:40:18+00:00\",\"breadcrumb\":{\"@id\":\"https:\/\/juanluisdiazarquitectotecnico.com\/quienes-somos\/#breadcrumb\"},\"inLanguage\":\"en-US\",\"potentialAction\":[{\"@type\":\"ReadAction\",\"target\":[\"https:\/\/juanluisdiazarquitectotecnico.com\/quienes-somos\/\"]}]},{\"@type\":\"ImageObject\",\"inLanguage\":\"en-US\",\"@id\":\"https:\/\/juanluisdiazarquitectotecnico.com\/quienes-somos\/#primaryimage\",\"url\":\"https:\/\/juanluisdiazarquitectotecnico.com\/wp-content\/uploads\/2025\/11\/11927.jpg\",\"contentUrl\":\"https:\/\/juanluisdiazarquitectotecnico.com\/wp-content\/uploads\/2025\/11\/11927.jpg\"},{\"@type\":\"BreadcrumbList\",\"@id\":\"https:\/\/juanluisdiazarquitectotecnico.com\/quienes-somos\/#breadcrumb\",\"itemListElement\":[{\"@type\":\"ListItem\",\"position\":1,\"name\":\"Portada\",\"item\":\"https:\/\/juanluisdiazarquitectotecnico.com\/\"},{\"@type\":\"ListItem\",\"position\":2,\"name\":\"Quienes somos\"}]},{\"@type\":\"WebSite\",\"@id\":\"https:\/\/juanluisdiazarquitectotecnico.com\/#website\",\"url\":\"https:\/\/juanluisdiazarquitectotecnico.com\/\",\"name\":\"juanluisdiazarquitectotecnico\",\"description\":\"\",\"publisher\":{\"@id\":\"https:\/\/juanluisdiazarquitectotecnico.com\/#organization\"},\"potentialAction\":[{\"@type\":\"SearchAction\",\"target\":{\"@type\":\"EntryPoint\",\"urlTemplate\":\"https:\/\/juanluisdiazarquitectotecnico.com\/?s={search_term_string}\"},\"query-input\":{\"@type\":\"PropertyValueSpecification\",\"valueRequired\":true,\"valueName\":\"search_term_string\"}}],\"inLanguage\":\"en-US\"},{\"@type\":\"Organization\",\"@id\":\"https:\/\/juanluisdiazarquitectotecnico.com\/#organization\",\"name\":\"juanluisdiazarquitectotecnico\",\"url\":\"https:\/\/juanluisdiazarquitectotecnico.com\/\",\"logo\":{\"@type\":\"ImageObject\",\"inLanguage\":\"en-US\",\"@id\":\"https:\/\/juanluisdiazarquitectotecnico.com\/#\/schema\/logo\/image\/\",\"url\":\"https:\/\/juanluisdiazarquitectotecnico.com\/wp-content\/uploads\/2026\/02\/cropped-logo-web-1.jpg\",\"contentUrl\":\"https:\/\/juanluisdiazarquitectotecnico.com\/wp-content\/uploads\/2026\/02\/cropped-logo-web-1.jpg\",\"width\":512,\"height\":504,\"caption\":\"juanluisdiazarquitectotecnico\"},\"image\":{\"@id\":\"https:\/\/juanluisdiazarquitectotecnico.com\/#\/schema\/logo\/image\/\"}}]}<\/script>\n<!-- \/ Yoast SEO plugin. -->","yoast_head_json":{"title":"Quienes somos - juanluisdiazarquitectotecnico","robots":{"index":"index","follow":"follow","max-snippet":"max-snippet:-1","max-image-preview":"max-image-preview:large","max-video-preview":"max-video-preview:-1"},"canonical":"https:\/\/juanluisdiazarquitectotecnico.com\/en\/quienes-somos\/","og_locale":"en_US","og_type":"article","og_title":"Quienes somos - juanluisdiazarquitectotecnico","og_description":"\u00bfQui\u00e9nes somos? En Juan Luis D\u00edaz Arquitecto T\u00e9cnico ofrecemos servicios profesionales de arquitectura t\u00e9cnica con el compromiso de garantizar la m\u00e1xima calidad, seguridad y eficiencia en cada proyecto. Nuestro objetivo es proporcionar soluciones t\u00e9cnicas precisas, rigurosas y adaptadas a las necesidades de cada cliente, ya sean particulares, empresas o administraciones p\u00fablicas. Trabajamos cada d\u00eda para ofrecer un servicio cercano, transparente y personalizado. Combinamos experiencia profesional con conocimiento t\u00e9cnico actualizado, enfocados en resolver cualquier necesidad constructiva de forma eficaz. En Juan Luis D\u00edaz Arquitecto T\u00e9cnico creemos en una edificaci\u00f3n responsable, segura y de calidad. \u00bfPor qu\u00e9 elegirnos? Experiencia detallada A\u00f1os de trayectoria profesional avalan nuestra capacidad para gestionar proyectos de obra nueva, rehabilitaci\u00f3n y reforma con garant\u00eda de \u00e9xito. Servicio integral Desde certificados energ\u00e9ticos e ITE hasta direcci\u00f3n de obra y gesti\u00f3n de licencias. Cubrimos todas las necesidades t\u00e9cnicas de tu proyecto. Atenci\u00f3n personalizada Cada proyecto es \u00fanico. Te acompa\u00f1amos en todo el proceso, resolviendo dudas y ofreciendo soluciones adaptadas a tus necesidades espec\u00edficas. Nuestros servicios","og_url":"https:\/\/juanluisdiazarquitectotecnico.com\/en\/quienes-somos\/","og_site_name":"juanluisdiazarquitectotecnico","article_modified_time":"2025-11-27T09:40:18+00:00","og_image":[{"width":1000,"height":667,"url":"https:\/\/juanluisdiazarquitectotecnico.com\/wp-content\/uploads\/2025\/11\/11927.jpg","type":"image\/jpeg"}],"twitter_card":"summary_large_image","twitter_misc":{"Est. reading time":"2 minutes"},"schema":{"@context":"https:\/\/schema.org","@graph":[{"@type":"WebPage","@id":"https:\/\/juanluisdiazarquitectotecnico.com\/quienes-somos\/","url":"https:\/\/juanluisdiazarquitectotecnico.com\/quienes-somos\/","name":"Quienes somos - juanluisdiazarquitectotecnico","isPartOf":{"@id":"https:\/\/juanluisdiazarquitectotecnico.com\/#website"},"primaryImageOfPage":{"@id":"https:\/\/juanluisdiazarquitectotecnico.com\/quienes-somos\/#primaryimage"},"image":{"@id":"https:\/\/juanluisdiazarquitectotecnico.com\/quienes-somos\/#primaryimage"},"thumbnailUrl":"https:\/\/juanluisdiazarquitectotecnico.com\/wp-content\/uploads\/2025\/11\/11927.jpg","datePublished":"2025-11-27T09:36:01+00:00","dateModified":"2025-11-27T09:40:18+00:00","breadcrumb":{"@id":"https:\/\/juanluisdiazarquitectotecnico.com\/quienes-somos\/#breadcrumb"},"inLanguage":"en-US","potentialAction":[{"@type":"ReadAction","target":["https:\/\/juanluisdiazarquitectotecnico.com\/quienes-somos\/"]}]},{"@type":"ImageObject","inLanguage":"en-US","@id":"https:\/\/juanluisdiazarquitectotecnico.com\/quienes-somos\/#primaryimage","url":"https:\/\/juanluisdiazarquitectotecnico.com\/wp-content\/uploads\/2025\/11\/11927.jpg","contentUrl":"https:\/\/juanluisdiazarquitectotecnico.com\/wp-content\/uploads\/2025\/11\/11927.jpg"},{"@type":"BreadcrumbList","@id":"https:\/\/juanluisdiazarquitectotecnico.com\/quienes-somos\/#breadcrumb","itemListElement":[{"@type":"ListItem","position":1,"name":"Portada","item":"https:\/\/juanluisdiazarquitectotecnico.com\/"},{"@type":"ListItem","position":2,"name":"Quienes somos"}]},{"@type":"WebSite","@id":"https:\/\/juanluisdiazarquitectotecnico.com\/#website","url":"https:\/\/juanluisdiazarquitectotecnico.com\/","name":"juanluisdiazar architecttechnician","description":"","publisher":{"@id":"https:\/\/juanluisdiazarquitectotecnico.com\/#organization"},"potentialAction":[{"@type":"SearchAction","target":{"@type":"EntryPoint","urlTemplate":"https:\/\/juanluisdiazarquitectotecnico.com\/?s={search_term_string}"},"query-input":{"@type":"PropertyValueSpecification","valueRequired":true,"valueName":"search_term_string"}}],"inLanguage":"en-US"},{"@type":"Organization","@id":"https:\/\/juanluisdiazarquitectotecnico.com\/#organization","name":"juanluisdiazar architecttechnician","url":"https:\/\/juanluisdiazarquitectotecnico.com\/","logo":{"@type":"ImageObject","inLanguage":"en-US","@id":"https:\/\/juanluisdiazarquitectotecnico.com\/#\/schema\/logo\/image\/","url":"https:\/\/juanluisdiazarquitectotecnico.com\/wp-content\/uploads\/2026\/02\/cropped-logo-web-1.jpg","contentUrl":"https:\/\/juanluisdiazarquitectotecnico.com\/wp-content\/uploads\/2026\/02\/cropped-logo-web-1.jpg","width":512,"height":504,"caption":"juanluisdiazarquitectotecnico"},"image":{"@id":"https:\/\/juanluisdiazarquitectotecnico.com\/#\/schema\/logo\/image\/"}}]}},"_links":{"self":[{"href":"https:\/\/juanluisdiazarquitectotecnico.com\/en\/wp-json\/wp\/v2\/pages\/585","targetHints":{"allow":["GET"]}}],"collection":[{"href":"https:\/\/juanluisdiazarquitectotecnico.com\/en\/wp-json\/wp\/v2\/pages"}],"about":[{"href":"https:\/\/juanluisdiazarquitectotecnico.com\/en\/wp-json\/wp\/v2\/types\/page"}],"author":[{"embeddable":true,"href":"https:\/\/juanluisdiazarquitectotecnico.com\/en\/wp-json\/wp\/v2\/users\/1"}],"replies":[{"embeddable":true,"href":"https:\/\/juanluisdiazarquitectotecnico.com\/en\/wp-json\/wp\/v2\/comments?post=585"}],"version-history":[{"count":9,"href":"https:\/\/juanluisdiazarquitectotecnico.com\/en\/wp-json\/wp\/v2\/pages\/585\/revisions"}],"predecessor-version":[{"id":628,"href":"https:\/\/juanluisdiazarquitectotecnico.com\/en\/wp-json\/wp\/v2\/pages\/585\/revisions\/628"}],"wp:attachment":[{"href":"https:\/\/juanluisdiazarquitectotecnico.com\/en\/wp-json\/wp\/v2\/media?parent=585"}],"curies":[{"name":"wp","href":"https:\/\/api.w.org\/{rel}","templated":true}]}}