{"id":542,"date":"2025-11-19T07:41:45","date_gmt":"2025-11-19T07:41:45","guid":{"rendered":"https:\/\/juanluisdiazarquitectotecnico.com\/?page_id=542"},"modified":"2025-11-19T08:02:16","modified_gmt":"2025-11-19T08:02:16","slug":"politica-de-privacidad","status":"publish","type":"page","link":"https:\/\/juanluisdiazarquitectotecnico.com\/en\/politica-de-privacidad\/","title":{"rendered":"Pol\u00edtica de privacidad"},"content":{"rendered":"<div data-elementor-type=\"wp-page\" data-elementor-id=\"542\" class=\"elementor elementor-542\">\n\t\t\t\t<div class=\"elementor-element elementor-element-fed2806 e-con-full e-flex wpr-particle-no wpr-jarallax-no wpr-parallax-no wpr-sticky-section-no e-con e-parent\" data-id=\"fed2806\" data-element_type=\"container\">\n\t\t\t\t<div class=\"elementor-element elementor-element-15d81fc elementor-widget elementor-widget-heading\" data-id=\"15d81fc\" data-element_type=\"widget\" data-widget_type=\"heading.default\">\n\t\t\t\t\t<h2 class=\"elementor-heading-title elementor-size-default\">Pol\u00edtica de privacidad<\/h2>\t\t\t\t<\/div>\n\t\t\t\t<\/div>\n\t\t<div class=\"elementor-element elementor-element-ccb8244 e-con-full e-flex wpr-particle-no wpr-jarallax-no wpr-parallax-no wpr-sticky-section-no e-con e-parent\" data-id=\"ccb8244\" data-element_type=\"container\">\n\t\t\t\t<div class=\"elementor-element elementor-element-b8b0748 elementor-widget elementor-widget-heading\" data-id=\"b8b0748\" data-element_type=\"widget\" data-widget_type=\"heading.default\">\n\t\t\t\t\t<h2 class=\"elementor-heading-title elementor-size-default\">Bienvenido a https:\/\/juanluisdiazarquitectotecnico.com (el \"Sitio\"). Respetamos los derechos de propiedad intelectual de los dem\u00e1s del mismo modo que esperamos que los dem\u00e1s respeten nuestros derechos. De conformidad con la Ley de Derechos de Autor del Milenio Digital, T\u00edtulo 17 del C\u00f3digo de los Estados Unidos, Secci\u00f3n 512(c), un propietario de derechos de autor o su agente puede enviarnos una notificaci\u00f3n de retirada a trav\u00e9s de nuestro Agente DMCA que se indica a continuaci\u00f3n. Como proveedor de servicios de Internet, tenemos derecho a reclamar inmunidad frente a dichas reclamaciones por infracci\u00f3n en virtud de las disposiciones de \"puerto seguro\" de la DMCA. Para presentarnos una reclamaci\u00f3n por infracci\u00f3n de buena fe, debe enviarnos la notificaci\u00f3n con la siguiente informaci\u00f3n:<\/h2>\t\t\t\t<\/div>\n\t\t\t\t<\/div>\n\t\t<div class=\"elementor-element elementor-element-e1786b9 e-con-full e-flex wpr-particle-no wpr-jarallax-no wpr-parallax-no wpr-sticky-section-no e-con e-parent\" data-id=\"e1786b9\" data-element_type=\"container\">\n\t\t\t\t<div class=\"elementor-element elementor-element-00e9f97 elementor-widget elementor-widget-heading\" data-id=\"00e9f97\" data-element_type=\"widget\" data-widget_type=\"heading.default\">\n\t\t\t\t\t<h2 class=\"elementor-heading-title elementor-size-default\">Notificaci\u00f3n de infracci\u00f3n - Reclamaci\u00f3n<\/h2>\t\t\t\t<\/div>\n\t\t\t\t<\/div>\n\t\t<div class=\"elementor-element elementor-element-1d118b1 e-con-full e-flex wpr-particle-no wpr-jarallax-no wpr-parallax-no wpr-sticky-section-no e-con e-parent\" data-id=\"1d118b1\" data-element_type=\"container\">\n\t\t\t\t<div class=\"elementor-element elementor-element-047911e elementor-widget elementor-widget-heading\" data-id=\"047911e\" data-element_type=\"widget\" data-widget_type=\"heading.default\">\n\t\t\t\t\t<h2 class=\"elementor-heading-title elementor-size-default\"><ol>\n<li>Una firma f\u00edsica o electr\u00f3nica del titular de los derechos de autor (o de alguien autorizado para actuar en nombre del titular);<\/li>\n<li>Identificaci\u00f3n de la obra protegida por derechos de autor cuya infracci\u00f3n se alega;<\/li>\n<li>Identificaci\u00f3n del material infractor que debe retirarse, e informaci\u00f3n razonablemente suficiente para permitir al proveedor de servicios localizar el material. <\/li>\n<li>Informaci\u00f3n razonablemente suficiente para permitir al proveedor de servicios ponerse en contacto con la parte reclamante, incluido su nombre, direcci\u00f3n f\u00edsica, direcci\u00f3n de correo electr\u00f3nico, n\u00famero de tel\u00e9fono y n\u00famero de fax;<\/li>\n<li>Una declaraci\u00f3n de que la parte reclamante cree de buena fe que el uso del material no est\u00e1 autorizado por el agente de derechos de autor; y<\/li>\n<li>Una declaraci\u00f3n de que la informaci\u00f3n contenida en la notificaci\u00f3n es exacta y, bajo pena de perjurio, que la parte reclamante est\u00e1 autorizada a actuar en nombre del titular de los derechos de autor.<\/li>\n<\/ol><br>\nEl t\u00edtulo 17 USC \u00a7512(f) establece sanciones civiles por da\u00f1os y perjuicios, incluidas las costas y los honorarios de abogados, contra cualquier persona que, a sabiendas y de forma material, tergiverse determinada informaci\u00f3n en una notificaci\u00f3n de infracci\u00f3n en virtud del t\u00edtulo 17 USC \u00a7512(c)(3).<br><br>\n\nEnv\u00ede todos los avisos de retirada a trav\u00e9s de nuestra p\u00e1gina de Contacto. Por favor, env\u00edelo por correo electr\u00f3nico para una pronta atenci\u00f3n.<br><br>\n\nTenga en cuenta que podemos compartir la identidad y la informaci\u00f3n de cualquier reclamaci\u00f3n por infracci\u00f3n de derechos de autor que recibamos con el presunto infractor. Al enviar una reclamaci\u00f3n, usted entiende, acepta y est\u00e1 de acuerdo en que su identidad y reclamaci\u00f3n puedan ser comunicadas al presunto infractor.<br><br><\/h2>\t\t\t\t<\/div>\n\t\t\t\t<\/div>\n\t\t<div class=\"elementor-element elementor-element-7e10a45 e-con-full e-flex wpr-particle-no wpr-jarallax-no wpr-parallax-no wpr-sticky-section-no e-con e-parent\" data-id=\"7e10a45\" data-element_type=\"container\">\n\t\t\t\t<div class=\"elementor-element elementor-element-05c514f elementor-widget elementor-widget-heading\" data-id=\"05c514f\" data-element_type=\"widget\" data-widget_type=\"heading.default\">\n\t\t\t\t\t<h2 class=\"elementor-heading-title elementor-size-default\">Pol\u00edtica de infracciones reincidentes<\/h2>\t\t\t\t<\/div>\n\t\t\t\t<\/div>\n\t\t<div class=\"elementor-element elementor-element-2c0ad73 e-con-full e-flex wpr-particle-no wpr-jarallax-no wpr-parallax-no wpr-sticky-section-no e-con e-parent\" data-id=\"2c0ad73\" data-element_type=\"container\">\n\t\t\t\t<div class=\"elementor-element elementor-element-dc5912a elementor-widget elementor-widget-heading\" data-id=\"dc5912a\" data-element_type=\"widget\" data-widget_type=\"heading.default\">\n\t\t\t\t\t<h2 class=\"elementor-heading-title elementor-size-default\">Nos tomamos muy en serio las infracciones de los derechos de autor. De conformidad con los requisitos de la pol\u00edtica de infractores reincidentes de la Ley de Derechos de Autor del Milenio Digital, mantenemos una lista de notificaciones DMCA de los titulares de derechos de autor y hacemos un esfuerzo de buena fe para identificar a los infractores reincidentes. Las cuentas de los infractores reincidentes ser\u00e1n canceladas.<\/h2>\t\t\t\t<\/div>\n\t\t\t\t<div class=\"elementor-element elementor-element-ab39529 elementor-widget elementor-widget-heading\" data-id=\"ab39529\" data-element_type=\"widget\" data-widget_type=\"heading.default\">\n\t\t\t\t\t<h2 class=\"elementor-heading-title elementor-size-default\">Derechos de autor para medios de comunicaci\u00f3n (DMCA, GDPR)<\/h2>\t\t\t\t<\/div>\n\t\t\t\t<\/div>\n\t\t<div class=\"elementor-element elementor-element-b969244 e-con-full e-flex wpr-particle-no wpr-jarallax-no wpr-parallax-no wpr-sticky-section-no e-con e-parent\" data-id=\"b969244\" data-element_type=\"container\">\n\t\t\t\t<div class=\"elementor-element elementor-element-d9ecc14 elementor-widget elementor-widget-heading\" data-id=\"d9ecc14\" data-element_type=\"widget\" data-widget_type=\"heading.default\">\n\t\t\t\t\t<h2 class=\"elementor-heading-title elementor-size-default\">Todos los medios, incluidos v\u00eddeos, archivos de audio y contenidos generados por IA, est\u00e1n protegidos por las leyes internacionales de derechos de autor. La duplicaci\u00f3n o distribuci\u00f3n no autorizada est\u00e1 estrictamente prohibida y puede dar lugar a acciones legales en virtud de la DMCA.<\/h2>\t\t\t\t<\/div>\n\t\t\t\t<\/div>\n\t\t\t\t<\/div>","protected":false},"excerpt":{"rendered":"<p>Pol\u00edtica de privacidad Bienvenido a https:\/\/juanluisdiazarquitectotecnico.com (el \u00abSitio\u00bb). Respetamos los derechos de propiedad intelectual de los dem\u00e1s del mismo modo que esperamos que los dem\u00e1s respeten nuestros derechos. De conformidad con la Ley de Derechos de Autor del Milenio Digital, T\u00edtulo 17 del C\u00f3digo de los Estados Unidos, Secci\u00f3n 512(c), un propietario de derechos de autor o su agente puede enviarnos una notificaci\u00f3n de retirada a trav\u00e9s de nuestro Agente DMCA que se indica a continuaci\u00f3n. Como proveedor de servicios de Internet, tenemos derecho a reclamar inmunidad frente a dichas reclamaciones por infracci\u00f3n en virtud de las disposiciones de \u00abpuerto seguro\u00bb de la DMCA. Para presentarnos una reclamaci\u00f3n por infracci\u00f3n de buena fe, debe enviarnos la notificaci\u00f3n con la siguiente informaci\u00f3n: Notificaci\u00f3n de infracci\u00f3n &#8211; Reclamaci\u00f3n Una firma f\u00edsica o electr\u00f3nica del titular de los derechos de autor (o de alguien autorizado para actuar en nombre del titular); Identificaci\u00f3n de la obra protegida por derechos de autor cuya infracci\u00f3n se alega; Identificaci\u00f3n del material infractor que debe retirarse, e informaci\u00f3n razonablemente suficiente para permitir al proveedor de servicios localizar el material. Informaci\u00f3n razonablemente suficiente para permitir al proveedor de servicios ponerse en contacto con la parte reclamante, incluido su nombre, direcci\u00f3n f\u00edsica, direcci\u00f3n de correo electr\u00f3nico, n\u00famero de tel\u00e9fono y n\u00famero de fax; Una declaraci\u00f3n de que la parte reclamante cree de buena fe que el uso del material no est\u00e1 autorizado por el agente de derechos de autor; y Una declaraci\u00f3n de que la informaci\u00f3n contenida en la notificaci\u00f3n es exacta y, bajo pena de perjurio, que la parte reclamante est\u00e1 autorizada a actuar en nombre del titular de los derechos de autor. El t\u00edtulo 17 USC \u00a7512(f) establece sanciones civiles por da\u00f1os y perjuicios, incluidas las costas y los honorarios de abogados, contra cualquier persona que, a sabiendas y de forma material, tergiverse determinada informaci\u00f3n en una notificaci\u00f3n de infracci\u00f3n en virtud del t\u00edtulo 17 USC \u00a7512(c)(3). Env\u00ede todos los avisos de retirada a trav\u00e9s de nuestra p\u00e1gina de Contacto. Por favor, env\u00edelo por correo electr\u00f3nico para una pronta atenci\u00f3n. Tenga en cuenta que podemos compartir la identidad y la informaci\u00f3n de cualquier reclamaci\u00f3n por infracci\u00f3n de derechos de autor que recibamos con el presunto infractor. Al enviar una reclamaci\u00f3n, usted entiende, acepta y est\u00e1 de acuerdo en que su identidad y reclamaci\u00f3n puedan ser comunicadas al presunto infractor. Pol\u00edtica de infracciones reincidentes Nos tomamos muy en serio las infracciones de los derechos de autor. De conformidad con los requisitos de la pol\u00edtica de infractores reincidentes de la Ley de Derechos de Autor del Milenio Digital, mantenemos una lista de notificaciones DMCA de los titulares de derechos de autor y hacemos un esfuerzo de buena fe para identificar a los infractores reincidentes. Las cuentas de los infractores reincidentes ser\u00e1n canceladas. Derechos de autor para medios de comunicaci\u00f3n (DMCA, GDPR) Todos los medios, incluidos v\u00eddeos, archivos de audio y contenidos generados por IA, est\u00e1n protegidos por las leyes internacionales de derechos de autor. La duplicaci\u00f3n o distribuci\u00f3n no autorizada est\u00e1 estrictamente prohibida y puede dar lugar a acciones legales en virtud de la DMCA.<\/p>","protected":false},"author":1,"featured_media":0,"parent":0,"menu_order":0,"comment_status":"closed","ping_status":"closed","template":"","meta":{"footnotes":""},"class_list":["post-542","page","type-page","status-publish","hentry"],"yoast_head":"<!-- This site is optimized with the Yoast SEO plugin v26.4 - https:\/\/yoast.com\/wordpress\/plugins\/seo\/ -->\n<title>Pol\u00edtica de privacidad - juanluisdiazarquitectotecnico<\/title>\n<meta name=\"robots\" content=\"index, follow, max-snippet:-1, max-image-preview:large, max-video-preview:-1\" \/>\n<link rel=\"canonical\" href=\"https:\/\/juanluisdiazarquitectotecnico.com\/en\/politica-de-privacidad\/\" \/>\n<meta property=\"og:locale\" content=\"en_US\" \/>\n<meta property=\"og:type\" content=\"article\" \/>\n<meta property=\"og:title\" content=\"Pol\u00edtica de privacidad - juanluisdiazarquitectotecnico\" \/>\n<meta property=\"og:description\" content=\"Pol\u00edtica de privacidad Bienvenido a https:\/\/juanluisdiazarquitectotecnico.com (el \u00abSitio\u00bb). Respetamos los derechos de propiedad intelectual de los dem\u00e1s del mismo modo que esperamos que los dem\u00e1s respeten nuestros derechos. De conformidad con la Ley de Derechos de Autor del Milenio Digital, T\u00edtulo 17 del C\u00f3digo de los Estados Unidos, Secci\u00f3n 512(c), un propietario de derechos de autor o su agente puede enviarnos una notificaci\u00f3n de retirada a trav\u00e9s de nuestro Agente DMCA que se indica a continuaci\u00f3n. Como proveedor de servicios de Internet, tenemos derecho a reclamar inmunidad frente a dichas reclamaciones por infracci\u00f3n en virtud de las disposiciones de \u00abpuerto seguro\u00bb de la DMCA. Para presentarnos una reclamaci\u00f3n por infracci\u00f3n de buena fe, debe enviarnos la notificaci\u00f3n con la siguiente informaci\u00f3n: Notificaci\u00f3n de infracci\u00f3n &#8211; Reclamaci\u00f3n Una firma f\u00edsica o electr\u00f3nica del titular de los derechos de autor (o de alguien autorizado para actuar en nombre del titular); Identificaci\u00f3n de la obra protegida por derechos de autor cuya infracci\u00f3n se alega; Identificaci\u00f3n del material infractor que debe retirarse, e informaci\u00f3n razonablemente suficiente para permitir al proveedor de servicios localizar el material. Informaci\u00f3n razonablemente suficiente para permitir al proveedor de servicios ponerse en contacto con la parte reclamante, incluido su nombre, direcci\u00f3n f\u00edsica, direcci\u00f3n de correo electr\u00f3nico, n\u00famero de tel\u00e9fono y n\u00famero de fax; Una declaraci\u00f3n de que la parte reclamante cree de buena fe que el uso del material no est\u00e1 autorizado por el agente de derechos de autor; y Una declaraci\u00f3n de que la informaci\u00f3n contenida en la notificaci\u00f3n es exacta y, bajo pena de perjurio, que la parte reclamante est\u00e1 autorizada a actuar en nombre del titular de los derechos de autor. El t\u00edtulo 17 USC \u00a7512(f) establece sanciones civiles por da\u00f1os y perjuicios, incluidas las costas y los honorarios de abogados, contra cualquier persona que, a sabiendas y de forma material, tergiverse determinada informaci\u00f3n en una notificaci\u00f3n de infracci\u00f3n en virtud del t\u00edtulo 17 USC \u00a7512(c)(3). Env\u00ede todos los avisos de retirada a trav\u00e9s de nuestra p\u00e1gina de Contacto. Por favor, env\u00edelo por correo electr\u00f3nico para una pronta atenci\u00f3n. Tenga en cuenta que podemos compartir la identidad y la informaci\u00f3n de cualquier reclamaci\u00f3n por infracci\u00f3n de derechos de autor que recibamos con el presunto infractor. Al enviar una reclamaci\u00f3n, usted entiende, acepta y est\u00e1 de acuerdo en que su identidad y reclamaci\u00f3n puedan ser comunicadas al presunto infractor. Pol\u00edtica de infracciones reincidentes Nos tomamos muy en serio las infracciones de los derechos de autor. De conformidad con los requisitos de la pol\u00edtica de infractores reincidentes de la Ley de Derechos de Autor del Milenio Digital, mantenemos una lista de notificaciones DMCA de los titulares de derechos de autor y hacemos un esfuerzo de buena fe para identificar a los infractores reincidentes. Las cuentas de los infractores reincidentes ser\u00e1n canceladas. Derechos de autor para medios de comunicaci\u00f3n (DMCA, GDPR) Todos los medios, incluidos v\u00eddeos, archivos de audio y contenidos generados por IA, est\u00e1n protegidos por las leyes internacionales de derechos de autor. La duplicaci\u00f3n o distribuci\u00f3n no autorizada est\u00e1 estrictamente prohibida y puede dar lugar a acciones legales en virtud de la DMCA.\" \/>\n<meta property=\"og:url\" content=\"https:\/\/juanluisdiazarquitectotecnico.com\/en\/politica-de-privacidad\/\" \/>\n<meta property=\"og:site_name\" content=\"juanluisdiazarquitectotecnico\" \/>\n<meta property=\"article:modified_time\" content=\"2025-11-19T08:02:16+00:00\" \/>\n<meta name=\"twitter:card\" content=\"summary_large_image\" \/>\n<meta name=\"twitter:label1\" content=\"Est. reading time\" \/>\n\t<meta name=\"twitter:data1\" content=\"3 minutes\" \/>\n<script type=\"application\/ld+json\" class=\"yoast-schema-graph\">{\"@context\":\"https:\/\/schema.org\",\"@graph\":[{\"@type\":\"WebPage\",\"@id\":\"https:\/\/juanluisdiazarquitectotecnico.com\/politica-de-privacidad\/\",\"url\":\"https:\/\/juanluisdiazarquitectotecnico.com\/politica-de-privacidad\/\",\"name\":\"Pol\u00edtica de privacidad - juanluisdiazarquitectotecnico\",\"isPartOf\":{\"@id\":\"https:\/\/juanluisdiazarquitectotecnico.com\/#website\"},\"datePublished\":\"2025-11-19T07:41:45+00:00\",\"dateModified\":\"2025-11-19T08:02:16+00:00\",\"breadcrumb\":{\"@id\":\"https:\/\/juanluisdiazarquitectotecnico.com\/politica-de-privacidad\/#breadcrumb\"},\"inLanguage\":\"en-US\",\"potentialAction\":[{\"@type\":\"ReadAction\",\"target\":[\"https:\/\/juanluisdiazarquitectotecnico.com\/politica-de-privacidad\/\"]}]},{\"@type\":\"BreadcrumbList\",\"@id\":\"https:\/\/juanluisdiazarquitectotecnico.com\/politica-de-privacidad\/#breadcrumb\",\"itemListElement\":[{\"@type\":\"ListItem\",\"position\":1,\"name\":\"Portada\",\"item\":\"https:\/\/juanluisdiazarquitectotecnico.com\/\"},{\"@type\":\"ListItem\",\"position\":2,\"name\":\"Pol\u00edtica de privacidad\"}]},{\"@type\":\"WebSite\",\"@id\":\"https:\/\/juanluisdiazarquitectotecnico.com\/#website\",\"url\":\"https:\/\/juanluisdiazarquitectotecnico.com\/\",\"name\":\"juanluisdiazarquitectotecnico\",\"description\":\"\",\"publisher\":{\"@id\":\"https:\/\/juanluisdiazarquitectotecnico.com\/#organization\"},\"potentialAction\":[{\"@type\":\"SearchAction\",\"target\":{\"@type\":\"EntryPoint\",\"urlTemplate\":\"https:\/\/juanluisdiazarquitectotecnico.com\/?s={search_term_string}\"},\"query-input\":{\"@type\":\"PropertyValueSpecification\",\"valueRequired\":true,\"valueName\":\"search_term_string\"}}],\"inLanguage\":\"en-US\"},{\"@type\":\"Organization\",\"@id\":\"https:\/\/juanluisdiazarquitectotecnico.com\/#organization\",\"name\":\"juanluisdiazarquitectotecnico\",\"url\":\"https:\/\/juanluisdiazarquitectotecnico.com\/\",\"logo\":{\"@type\":\"ImageObject\",\"inLanguage\":\"en-US\",\"@id\":\"https:\/\/juanluisdiazarquitectotecnico.com\/#\/schema\/logo\/image\/\",\"url\":\"https:\/\/juanluisdiazarquitectotecnico.com\/wp-content\/uploads\/2026\/02\/cropped-logo-web-1.jpg\",\"contentUrl\":\"https:\/\/juanluisdiazarquitectotecnico.com\/wp-content\/uploads\/2026\/02\/cropped-logo-web-1.jpg\",\"width\":512,\"height\":504,\"caption\":\"juanluisdiazarquitectotecnico\"},\"image\":{\"@id\":\"https:\/\/juanluisdiazarquitectotecnico.com\/#\/schema\/logo\/image\/\"}}]}<\/script>\n<!-- \/ Yoast SEO plugin. -->","yoast_head_json":{"title":"Pol\u00edtica de privacidad - juanluisdiazarquitectotecnico","robots":{"index":"index","follow":"follow","max-snippet":"max-snippet:-1","max-image-preview":"max-image-preview:large","max-video-preview":"max-video-preview:-1"},"canonical":"https:\/\/juanluisdiazarquitectotecnico.com\/en\/politica-de-privacidad\/","og_locale":"en_US","og_type":"article","og_title":"Pol\u00edtica de privacidad - juanluisdiazarquitectotecnico","og_description":"Pol\u00edtica de privacidad Bienvenido a https:\/\/juanluisdiazarquitectotecnico.com (el \u00abSitio\u00bb). Respetamos los derechos de propiedad intelectual de los dem\u00e1s del mismo modo que esperamos que los dem\u00e1s respeten nuestros derechos. De conformidad con la Ley de Derechos de Autor del Milenio Digital, T\u00edtulo 17 del C\u00f3digo de los Estados Unidos, Secci\u00f3n 512(c), un propietario de derechos de autor o su agente puede enviarnos una notificaci\u00f3n de retirada a trav\u00e9s de nuestro Agente DMCA que se indica a continuaci\u00f3n. Como proveedor de servicios de Internet, tenemos derecho a reclamar inmunidad frente a dichas reclamaciones por infracci\u00f3n en virtud de las disposiciones de \u00abpuerto seguro\u00bb de la DMCA. Para presentarnos una reclamaci\u00f3n por infracci\u00f3n de buena fe, debe enviarnos la notificaci\u00f3n con la siguiente informaci\u00f3n: Notificaci\u00f3n de infracci\u00f3n &#8211; Reclamaci\u00f3n Una firma f\u00edsica o electr\u00f3nica del titular de los derechos de autor (o de alguien autorizado para actuar en nombre del titular); Identificaci\u00f3n de la obra protegida por derechos de autor cuya infracci\u00f3n se alega; Identificaci\u00f3n del material infractor que debe retirarse, e informaci\u00f3n razonablemente suficiente para permitir al proveedor de servicios localizar el material. Informaci\u00f3n razonablemente suficiente para permitir al proveedor de servicios ponerse en contacto con la parte reclamante, incluido su nombre, direcci\u00f3n f\u00edsica, direcci\u00f3n de correo electr\u00f3nico, n\u00famero de tel\u00e9fono y n\u00famero de fax; Una declaraci\u00f3n de que la parte reclamante cree de buena fe que el uso del material no est\u00e1 autorizado por el agente de derechos de autor; y Una declaraci\u00f3n de que la informaci\u00f3n contenida en la notificaci\u00f3n es exacta y, bajo pena de perjurio, que la parte reclamante est\u00e1 autorizada a actuar en nombre del titular de los derechos de autor. El t\u00edtulo 17 USC \u00a7512(f) establece sanciones civiles por da\u00f1os y perjuicios, incluidas las costas y los honorarios de abogados, contra cualquier persona que, a sabiendas y de forma material, tergiverse determinada informaci\u00f3n en una notificaci\u00f3n de infracci\u00f3n en virtud del t\u00edtulo 17 USC \u00a7512(c)(3). Env\u00ede todos los avisos de retirada a trav\u00e9s de nuestra p\u00e1gina de Contacto. Por favor, env\u00edelo por correo electr\u00f3nico para una pronta atenci\u00f3n. Tenga en cuenta que podemos compartir la identidad y la informaci\u00f3n de cualquier reclamaci\u00f3n por infracci\u00f3n de derechos de autor que recibamos con el presunto infractor. Al enviar una reclamaci\u00f3n, usted entiende, acepta y est\u00e1 de acuerdo en que su identidad y reclamaci\u00f3n puedan ser comunicadas al presunto infractor. Pol\u00edtica de infracciones reincidentes Nos tomamos muy en serio las infracciones de los derechos de autor. De conformidad con los requisitos de la pol\u00edtica de infractores reincidentes de la Ley de Derechos de Autor del Milenio Digital, mantenemos una lista de notificaciones DMCA de los titulares de derechos de autor y hacemos un esfuerzo de buena fe para identificar a los infractores reincidentes. Las cuentas de los infractores reincidentes ser\u00e1n canceladas. Derechos de autor para medios de comunicaci\u00f3n (DMCA, GDPR) Todos los medios, incluidos v\u00eddeos, archivos de audio y contenidos generados por IA, est\u00e1n protegidos por las leyes internacionales de derechos de autor. La duplicaci\u00f3n o distribuci\u00f3n no autorizada est\u00e1 estrictamente prohibida y puede dar lugar a acciones legales en virtud de la DMCA.","og_url":"https:\/\/juanluisdiazarquitectotecnico.com\/en\/politica-de-privacidad\/","og_site_name":"juanluisdiazarquitectotecnico","article_modified_time":"2025-11-19T08:02:16+00:00","twitter_card":"summary_large_image","twitter_misc":{"Est. reading time":"3 minutes"},"schema":{"@context":"https:\/\/schema.org","@graph":[{"@type":"WebPage","@id":"https:\/\/juanluisdiazarquitectotecnico.com\/politica-de-privacidad\/","url":"https:\/\/juanluisdiazarquitectotecnico.com\/politica-de-privacidad\/","name":"Pol\u00edtica de privacidad - juanluisdiazarquitectotecnico","isPartOf":{"@id":"https:\/\/juanluisdiazarquitectotecnico.com\/#website"},"datePublished":"2025-11-19T07:41:45+00:00","dateModified":"2025-11-19T08:02:16+00:00","breadcrumb":{"@id":"https:\/\/juanluisdiazarquitectotecnico.com\/politica-de-privacidad\/#breadcrumb"},"inLanguage":"en-US","potentialAction":[{"@type":"ReadAction","target":["https:\/\/juanluisdiazarquitectotecnico.com\/politica-de-privacidad\/"]}]},{"@type":"BreadcrumbList","@id":"https:\/\/juanluisdiazarquitectotecnico.com\/politica-de-privacidad\/#breadcrumb","itemListElement":[{"@type":"ListItem","position":1,"name":"Portada","item":"https:\/\/juanluisdiazarquitectotecnico.com\/"},{"@type":"ListItem","position":2,"name":"Pol\u00edtica de privacidad"}]},{"@type":"WebSite","@id":"https:\/\/juanluisdiazarquitectotecnico.com\/#website","url":"https:\/\/juanluisdiazarquitectotecnico.com\/","name":"juanluisdiazar architecttechnician","description":"","publisher":{"@id":"https:\/\/juanluisdiazarquitectotecnico.com\/#organization"},"potentialAction":[{"@type":"SearchAction","target":{"@type":"EntryPoint","urlTemplate":"https:\/\/juanluisdiazarquitectotecnico.com\/?s={search_term_string}"},"query-input":{"@type":"PropertyValueSpecification","valueRequired":true,"valueName":"search_term_string"}}],"inLanguage":"en-US"},{"@type":"Organization","@id":"https:\/\/juanluisdiazarquitectotecnico.com\/#organization","name":"juanluisdiazar architecttechnician","url":"https:\/\/juanluisdiazarquitectotecnico.com\/","logo":{"@type":"ImageObject","inLanguage":"en-US","@id":"https:\/\/juanluisdiazarquitectotecnico.com\/#\/schema\/logo\/image\/","url":"https:\/\/juanluisdiazarquitectotecnico.com\/wp-content\/uploads\/2026\/02\/cropped-logo-web-1.jpg","contentUrl":"https:\/\/juanluisdiazarquitectotecnico.com\/wp-content\/uploads\/2026\/02\/cropped-logo-web-1.jpg","width":512,"height":504,"caption":"juanluisdiazarquitectotecnico"},"image":{"@id":"https:\/\/juanluisdiazarquitectotecnico.com\/#\/schema\/logo\/image\/"}}]}},"_links":{"self":[{"href":"https:\/\/juanluisdiazarquitectotecnico.com\/en\/wp-json\/wp\/v2\/pages\/542","targetHints":{"allow":["GET"]}}],"collection":[{"href":"https:\/\/juanluisdiazarquitectotecnico.com\/en\/wp-json\/wp\/v2\/pages"}],"about":[{"href":"https:\/\/juanluisdiazarquitectotecnico.com\/en\/wp-json\/wp\/v2\/types\/page"}],"author":[{"embeddable":true,"href":"https:\/\/juanluisdiazarquitectotecnico.com\/en\/wp-json\/wp\/v2\/users\/1"}],"replies":[{"embeddable":true,"href":"https:\/\/juanluisdiazarquitectotecnico.com\/en\/wp-json\/wp\/v2\/comments?post=542"}],"version-history":[{"count":12,"href":"https:\/\/juanluisdiazarquitectotecnico.com\/en\/wp-json\/wp\/v2\/pages\/542\/revisions"}],"predecessor-version":[{"id":556,"href":"https:\/\/juanluisdiazarquitectotecnico.com\/en\/wp-json\/wp\/v2\/pages\/542\/revisions\/556"}],"wp:attachment":[{"href":"https:\/\/juanluisdiazarquitectotecnico.com\/en\/wp-json\/wp\/v2\/media?parent=542"}],"curies":[{"name":"wp","href":"https:\/\/api.w.org\/{rel}","templated":true}]}}