{"id":529,"date":"2025-11-19T07:24:41","date_gmt":"2025-11-19T07:24:41","guid":{"rendered":"https:\/\/juanluisdiazarquitectotecnico.com\/?page_id=529"},"modified":"2026-02-24T09:30:19","modified_gmt":"2026-02-24T09:30:19","slug":"accesibilidad","status":"publish","type":"page","link":"https:\/\/juanluisdiazarquitectotecnico.com\/en\/accesibilidad\/","title":{"rendered":"Accesibilidad"},"content":{"rendered":"<div data-elementor-type=\"wp-page\" data-elementor-id=\"529\" class=\"elementor elementor-529\">\n\t\t\t\t<div class=\"elementor-element elementor-element-21039a7 e-con-full e-flex wpr-particle-no wpr-jarallax-no wpr-parallax-no wpr-sticky-section-no e-con e-parent\" data-id=\"21039a7\" data-element_type=\"container\">\n\t\t\t\t<div class=\"elementor-element elementor-element-f5bf31a elementor-widget elementor-widget-heading\" data-id=\"f5bf31a\" data-element_type=\"widget\" data-widget_type=\"heading.default\">\n\t\t\t\t\t<h2 class=\"elementor-heading-title elementor-size-default\">Accesibilidad<\/h2>\t\t\t\t<\/div>\n\t\t\t\t<\/div>\n\t\t<div class=\"elementor-element elementor-element-eb6da79 e-flex e-con-boxed wpr-particle-no wpr-jarallax-no wpr-parallax-no wpr-sticky-section-no e-con e-parent\" data-id=\"eb6da79\" data-element_type=\"container\">\n\t\t\t\t\t<div class=\"e-con-inner\">\n\t\t\t\t<div class=\"elementor-element elementor-element-35a7b26 elementor-widget elementor-widget-heading\" data-id=\"35a7b26\" data-element_type=\"widget\" data-widget_type=\"heading.default\">\n\t\t\t\t\t<h2 class=\"elementor-heading-title elementor-size-default\">En Juan Luis Diaz Arquitecto T\u00e9cnico estamos firmemente comprometidos con la accesibilidad digital. Nuestro objetivo es que todas las personas, con independencia de sus capacidades, puedan navegar, comprender e interactuar con el contenido de nuestro sitio web nexustelecom.es de manera clara, sencilla y sin obst\u00e1culos.<\/h2>\t\t\t\t<\/div>\n\t\t\t\t\t<\/div>\n\t\t\t\t<\/div>\n\t\t<div class=\"elementor-element elementor-element-c25cb55 e-flex e-con-boxed wpr-particle-no wpr-jarallax-no wpr-parallax-no wpr-sticky-section-no e-con e-parent\" data-id=\"c25cb55\" data-element_type=\"container\">\n\t\t\t\t\t<div class=\"e-con-inner\">\n\t\t\t\t<div class=\"elementor-element elementor-element-7895496 elementor-widget elementor-widget-heading\" data-id=\"7895496\" data-element_type=\"widget\" data-widget_type=\"heading.default\">\n\t\t\t\t\t<h2 class=\"elementor-heading-title elementor-size-default\">Compromiso con la accesibilidad<\/h2>\t\t\t\t<\/div>\n\t\t\t\t<div class=\"elementor-element elementor-element-db34f9c elementor-widget elementor-widget-heading\" data-id=\"db34f9c\" data-element_type=\"widget\" data-widget_type=\"heading.default\">\n\t\t\t\t\t<h2 class=\"elementor-heading-title elementor-size-default\">La presente declaraci\u00f3n de accesibilidad se aplica al sitio web: https:\/\/juanluisdiazarquitectotecnico.com<br><br>\n\nNos esforzamos por cumplir con los requisitos del Real Decreto 1112\/2018, de 7 de septiembre, sobre accesibilidad de los sitios web y aplicaciones para dispositivos m\u00f3viles del sector p\u00fablico, as\u00ed como con las Pautas de Accesibilidad al Contenido en la Web (WCAG) 2.1, nivel AA, del W3C (World Wide Web Consortium).<br><br>\n\nEl sitio est\u00e1 dise\u00f1ado para ser compatible con las tecnolog\u00edas de asistencia actuales y navegadores modernos, respetando la norma UNE-EN 301549:2022, que establece los requisitos funcionales de accesibilidad TIC conforme al marco europeo.<br><br><\/h2>\t\t\t\t<\/div>\n\t\t\t\t\t<\/div>\n\t\t\t\t<\/div>\n\t\t<div class=\"elementor-element elementor-element-e5507e4 e-flex e-con-boxed wpr-particle-no wpr-jarallax-no wpr-parallax-no wpr-sticky-section-no e-con e-parent\" data-id=\"e5507e4\" data-element_type=\"container\">\n\t\t\t\t\t<div class=\"e-con-inner\">\n\t\t\t\t<div class=\"elementor-element elementor-element-68d047c elementor-widget elementor-widget-heading\" data-id=\"68d047c\" data-element_type=\"widget\" data-widget_type=\"heading.default\">\n\t\t\t\t\t<h2 class=\"elementor-heading-title elementor-size-default\">Medidas adoptadas<\/h2>\t\t\t\t<\/div>\n\t\t\t\t<div class=\"elementor-element elementor-element-07d3691 elementor-widget elementor-widget-heading\" data-id=\"07d3691\" data-element_type=\"widget\" data-widget_type=\"heading.default\">\n\t\t\t\t\t<h2 class=\"elementor-heading-title elementor-size-default\">En el desarrollo y mantenimiento del sitio web se han adoptado las siguientes medidas:<br>\n<br>\n-Estructura sem\u00e1ntica coherente de encabezados y contenido.<br><br>\n\n-Navegaci\u00f3n por teclado accesible en todo el sitio.<br><br>\n\n-Contrastes adecuados entre texto y fondo.<br><br>\n\n- Im\u00e1genes relevantes con texto alternativo.<br><br>\n\n- Formularios correctamente etiquetados.<br><br>\n\n- Uso de etiquetas ARIA en componentes interactivos.<br><br>\n\n- Contenido adaptado a dispositivos m\u00f3viles.<\/h2>\t\t\t\t<\/div>\n\t\t\t\t\t<\/div>\n\t\t\t\t<\/div>\n\t\t<div class=\"elementor-element elementor-element-47a402b e-flex e-con-boxed wpr-particle-no wpr-jarallax-no wpr-parallax-no wpr-sticky-section-no e-con e-parent\" data-id=\"47a402b\" data-element_type=\"container\">\n\t\t\t\t\t<div class=\"e-con-inner\">\n\t\t\t\t<div class=\"elementor-element elementor-element-40c34fb elementor-widget elementor-widget-heading\" data-id=\"40c34fb\" data-element_type=\"widget\" data-widget_type=\"heading.default\">\n\t\t\t\t\t<h2 class=\"elementor-heading-title elementor-size-default\">Situaci\u00f3n en cumplimiento<\/h2>\t\t\t\t<\/div>\n\t\t\t\t<div class=\"elementor-element elementor-element-1e627e3 elementor-widget elementor-widget-heading\" data-id=\"1e627e3\" data-element_type=\"widget\" data-widget_type=\"heading.default\">\n\t\t\t\t\t<h2 class=\"elementor-heading-title elementor-size-default\">Este sitio web es parcialmente conforme con el RD 1112\/2018 debido a la posible existencia de contenidos no accesibles por motivos t\u00e9cnicos o desactualizaciones puntuales. Estamos trabajando activamente para subsanar cualquier posible deficiencia.\n<\/h2>\t\t\t\t<\/div>\n\t\t\t\t\t<\/div>\n\t\t\t\t<\/div>\n\t\t<div class=\"elementor-element elementor-element-f7d542d e-flex e-con-boxed wpr-particle-no wpr-jarallax-no wpr-parallax-no wpr-sticky-section-no e-con e-parent\" data-id=\"f7d542d\" data-element_type=\"container\">\n\t\t\t\t\t<div class=\"e-con-inner\">\n\t\t\t\t<div class=\"elementor-element elementor-element-b1f7d9d elementor-widget elementor-widget-heading\" data-id=\"b1f7d9d\" data-element_type=\"widget\" data-widget_type=\"heading.default\">\n\t\t\t\t\t<h2 class=\"elementor-heading-title elementor-size-default\">Observaciones y datos de contacto\n<\/h2>\t\t\t\t<\/div>\n\t\t\t\t<div class=\"elementor-element elementor-element-ee62775 elementor-widget elementor-widget-heading\" data-id=\"ee62775\" data-element_type=\"widget\" data-widget_type=\"heading.default\">\n\t\t\t\t\t<h2 class=\"elementor-heading-title elementor-size-default\">Si encuentras barreras de acceso, errores o limitaciones en cualquier secci\u00f3n del sitio web, puedes comunicarlo a trav\u00e9s de los siguientes canales. Valoramos tu colaboraci\u00f3n para mejorar continuamente la accesibilidad:<br><br>\n\n<img decoding=\"async\" role=\"img\" class=\"emoji\" alt=\"\ud83d\udce7\" src=\"https:\/\/s.w.org\/images\/core\/emoji\/16.0.1\/svg\/1f4e7.svg\"> Email: juanludiazc@gmail.com<br><br>\n\n<img decoding=\"async\" role=\"img\" class=\"emoji\" alt=\"\ud83d\udcde\" src=\"https:\/\/s.w.org\/images\/core\/emoji\/16.0.1\/svg\/1f4de.svg\"> Tel\u00e9fono: +34 644 59 12 32<br>\n\nTambi\u00e9n puedes hacernos llegar tus sugerencias, quejas o solicitudes de informaci\u00f3n en formato accesible.<br><br><\/h2>\t\t\t\t<\/div>\n\t\t\t\t\t<\/div>\n\t\t\t\t<\/div>\n\t\t<div class=\"elementor-element elementor-element-a695b2f e-flex e-con-boxed wpr-particle-no wpr-jarallax-no wpr-parallax-no wpr-sticky-section-no e-con e-parent\" data-id=\"a695b2f\" data-element_type=\"container\">\n\t\t\t\t\t<div class=\"e-con-inner\">\n\t\t\t\t<div class=\"elementor-element elementor-element-70d5274 elementor-widget elementor-widget-heading\" data-id=\"70d5274\" data-element_type=\"widget\" data-widget_type=\"heading.default\">\n\t\t\t\t\t<h2 class=\"elementor-heading-title elementor-size-default\">Procedimiento de reclamaci\u00f3n<\/h2>\t\t\t\t<\/div>\n\t\t\t\t<div class=\"elementor-element elementor-element-0fe1bbb elementor-widget elementor-widget-heading\" data-id=\"0fe1bbb\" data-element_type=\"widget\" data-widget_type=\"heading.default\">\n\t\t\t\t\t<h2 class=\"elementor-heading-title elementor-size-default\">Si la respuesta no es satisfactoria o no recibes contestaci\u00f3n en el plazo establecido, puedes presentar una reclamaci\u00f3n formal a trav\u00e9s de la Oficina de Atenci\u00f3n al Usuario en Materia de Accesibilidad del Ministerio de Asuntos Econ\u00f3micos y Transformaci\u00f3n Digital.\n<\/h2>\t\t\t\t<\/div>\n\t\t\t\t\t<\/div>\n\t\t\t\t<\/div>\n\t\t\t\t<\/div>","protected":false},"excerpt":{"rendered":"<p>Accesibilidad En Juan Luis Diaz Arquitecto T\u00e9cnico estamos firmemente comprometidos con la accesibilidad digital. Nuestro objetivo es que todas las personas, con independencia de sus capacidades, puedan navegar, comprender e interactuar con el contenido de nuestro sitio web nexustelecom.es de manera clara, sencilla y sin obst\u00e1culos. Compromiso con la accesibilidad La presente declaraci\u00f3n de accesibilidad se aplica al sitio web: https:\/\/juanluisdiazarquitectotecnico.com Nos esforzamos por cumplir con los requisitos del Real Decreto 1112\/2018, de 7 de septiembre, sobre accesibilidad de los sitios web y aplicaciones para dispositivos m\u00f3viles del sector p\u00fablico, as\u00ed como con las Pautas de Accesibilidad al Contenido en la Web (WCAG) 2.1, nivel AA, del W3C (World Wide Web Consortium). El sitio est\u00e1 dise\u00f1ado para ser compatible con las tecnolog\u00edas de asistencia actuales y navegadores modernos, respetando la norma UNE-EN 301549:2022, que establece los requisitos funcionales de accesibilidad TIC conforme al marco europeo. Medidas adoptadas En el desarrollo y mantenimiento del sitio web se han adoptado las siguientes medidas: -Estructura sem\u00e1ntica coherente de encabezados y contenido. -Navegaci\u00f3n por teclado accesible en todo el sitio. -Contrastes adecuados entre texto y fondo. &#8211; Im\u00e1genes relevantes con texto alternativo. &#8211; Formularios correctamente etiquetados. &#8211; Uso de etiquetas ARIA en componentes interactivos. &#8211; Contenido adaptado a dispositivos m\u00f3viles. Situaci\u00f3n en cumplimiento Este sitio web es parcialmente conforme con el RD 1112\/2018 debido a la posible existencia de contenidos no accesibles por motivos t\u00e9cnicos o desactualizaciones puntuales. Estamos trabajando activamente para subsanar cualquier posible deficiencia. Observaciones y datos de contacto Si encuentras barreras de acceso, errores o limitaciones en cualquier secci\u00f3n del sitio web, puedes comunicarlo a trav\u00e9s de los siguientes canales. Valoramos tu colaboraci\u00f3n para mejorar continuamente la accesibilidad: Email: juanludiazc@gmail.com Tel\u00e9fono: +34 644 59 12 32 Tambi\u00e9n puedes hacernos llegar tus sugerencias, quejas o solicitudes de informaci\u00f3n en formato accesible. Procedimiento de reclamaci\u00f3n Si la respuesta no es satisfactoria o no recibes contestaci\u00f3n en el plazo establecido, puedes presentar una reclamaci\u00f3n formal a trav\u00e9s de la Oficina de Atenci\u00f3n al Usuario en Materia de Accesibilidad del Ministerio de Asuntos Econ\u00f3micos y Transformaci\u00f3n Digital.<\/p>","protected":false},"author":1,"featured_media":0,"parent":0,"menu_order":0,"comment_status":"closed","ping_status":"closed","template":"","meta":{"footnotes":""},"class_list":["post-529","page","type-page","status-publish","hentry"],"yoast_head":"<!-- This site is optimized with the Yoast SEO plugin v26.4 - https:\/\/yoast.com\/wordpress\/plugins\/seo\/ -->\n<title>Accesibilidad - juanluisdiazarquitectotecnico<\/title>\n<meta name=\"robots\" content=\"index, follow, max-snippet:-1, max-image-preview:large, max-video-preview:-1\" \/>\n<link rel=\"canonical\" href=\"https:\/\/juanluisdiazarquitectotecnico.com\/en\/accesibilidad\/\" \/>\n<meta property=\"og:locale\" content=\"en_US\" \/>\n<meta property=\"og:type\" content=\"article\" \/>\n<meta property=\"og:title\" content=\"Accesibilidad - juanluisdiazarquitectotecnico\" \/>\n<meta property=\"og:description\" content=\"Accesibilidad En Juan Luis Diaz Arquitecto T\u00e9cnico estamos firmemente comprometidos con la accesibilidad digital. Nuestro objetivo es que todas las personas, con independencia de sus capacidades, puedan navegar, comprender e interactuar con el contenido de nuestro sitio web nexustelecom.es de manera clara, sencilla y sin obst\u00e1culos. Compromiso con la accesibilidad La presente declaraci\u00f3n de accesibilidad se aplica al sitio web: https:\/\/juanluisdiazarquitectotecnico.com Nos esforzamos por cumplir con los requisitos del Real Decreto 1112\/2018, de 7 de septiembre, sobre accesibilidad de los sitios web y aplicaciones para dispositivos m\u00f3viles del sector p\u00fablico, as\u00ed como con las Pautas de Accesibilidad al Contenido en la Web (WCAG) 2.1, nivel AA, del W3C (World Wide Web Consortium). El sitio est\u00e1 dise\u00f1ado para ser compatible con las tecnolog\u00edas de asistencia actuales y navegadores modernos, respetando la norma UNE-EN 301549:2022, que establece los requisitos funcionales de accesibilidad TIC conforme al marco europeo. Medidas adoptadas En el desarrollo y mantenimiento del sitio web se han adoptado las siguientes medidas: -Estructura sem\u00e1ntica coherente de encabezados y contenido. -Navegaci\u00f3n por teclado accesible en todo el sitio. -Contrastes adecuados entre texto y fondo. &#8211; Im\u00e1genes relevantes con texto alternativo. &#8211; Formularios correctamente etiquetados. &#8211; Uso de etiquetas ARIA en componentes interactivos. &#8211; Contenido adaptado a dispositivos m\u00f3viles. Situaci\u00f3n en cumplimiento Este sitio web es parcialmente conforme con el RD 1112\/2018 debido a la posible existencia de contenidos no accesibles por motivos t\u00e9cnicos o desactualizaciones puntuales. Estamos trabajando activamente para subsanar cualquier posible deficiencia. Observaciones y datos de contacto Si encuentras barreras de acceso, errores o limitaciones en cualquier secci\u00f3n del sitio web, puedes comunicarlo a trav\u00e9s de los siguientes canales. Valoramos tu colaboraci\u00f3n para mejorar continuamente la accesibilidad: Email: juanludiazc@gmail.com Tel\u00e9fono: +34 644 59 12 32 Tambi\u00e9n puedes hacernos llegar tus sugerencias, quejas o solicitudes de informaci\u00f3n en formato accesible. Procedimiento de reclamaci\u00f3n Si la respuesta no es satisfactoria o no recibes contestaci\u00f3n en el plazo establecido, puedes presentar una reclamaci\u00f3n formal a trav\u00e9s de la Oficina de Atenci\u00f3n al Usuario en Materia de Accesibilidad del Ministerio de Asuntos Econ\u00f3micos y Transformaci\u00f3n Digital.\" \/>\n<meta property=\"og:url\" content=\"https:\/\/juanluisdiazarquitectotecnico.com\/en\/accesibilidad\/\" \/>\n<meta property=\"og:site_name\" content=\"juanluisdiazarquitectotecnico\" \/>\n<meta property=\"article:modified_time\" content=\"2026-02-24T09:30:19+00:00\" \/>\n<meta property=\"og:image\" content=\"https:\/\/s.w.org\/images\/core\/emoji\/16.0.1\/svg\/1f4e7.svg\" \/>\n<meta name=\"twitter:card\" content=\"summary_large_image\" \/>\n<meta name=\"twitter:label1\" content=\"Est. reading time\" \/>\n\t<meta name=\"twitter:data1\" content=\"2 minutes\" \/>\n<script type=\"application\/ld+json\" class=\"yoast-schema-graph\">{\"@context\":\"https:\/\/schema.org\",\"@graph\":[{\"@type\":\"WebPage\",\"@id\":\"https:\/\/juanluisdiazarquitectotecnico.com\/accesibilidad\/\",\"url\":\"https:\/\/juanluisdiazarquitectotecnico.com\/accesibilidad\/\",\"name\":\"Accesibilidad - juanluisdiazarquitectotecnico\",\"isPartOf\":{\"@id\":\"https:\/\/juanluisdiazarquitectotecnico.com\/#website\"},\"primaryImageOfPage\":{\"@id\":\"https:\/\/juanluisdiazarquitectotecnico.com\/accesibilidad\/#primaryimage\"},\"image\":{\"@id\":\"https:\/\/juanluisdiazarquitectotecnico.com\/accesibilidad\/#primaryimage\"},\"thumbnailUrl\":\"https:\/\/s.w.org\/images\/core\/emoji\/16.0.1\/svg\/1f4e7.svg\",\"datePublished\":\"2025-11-19T07:24:41+00:00\",\"dateModified\":\"2026-02-24T09:30:19+00:00\",\"breadcrumb\":{\"@id\":\"https:\/\/juanluisdiazarquitectotecnico.com\/accesibilidad\/#breadcrumb\"},\"inLanguage\":\"en-US\",\"potentialAction\":[{\"@type\":\"ReadAction\",\"target\":[\"https:\/\/juanluisdiazarquitectotecnico.com\/accesibilidad\/\"]}]},{\"@type\":\"ImageObject\",\"inLanguage\":\"en-US\",\"@id\":\"https:\/\/juanluisdiazarquitectotecnico.com\/accesibilidad\/#primaryimage\",\"url\":\"https:\/\/s.w.org\/images\/core\/emoji\/16.0.1\/svg\/1f4e7.svg\",\"contentUrl\":\"https:\/\/s.w.org\/images\/core\/emoji\/16.0.1\/svg\/1f4e7.svg\"},{\"@type\":\"BreadcrumbList\",\"@id\":\"https:\/\/juanluisdiazarquitectotecnico.com\/accesibilidad\/#breadcrumb\",\"itemListElement\":[{\"@type\":\"ListItem\",\"position\":1,\"name\":\"Portada\",\"item\":\"https:\/\/juanluisdiazarquitectotecnico.com\/\"},{\"@type\":\"ListItem\",\"position\":2,\"name\":\"Accesibilidad\"}]},{\"@type\":\"WebSite\",\"@id\":\"https:\/\/juanluisdiazarquitectotecnico.com\/#website\",\"url\":\"https:\/\/juanluisdiazarquitectotecnico.com\/\",\"name\":\"juanluisdiazarquitectotecnico\",\"description\":\"\",\"publisher\":{\"@id\":\"https:\/\/juanluisdiazarquitectotecnico.com\/#organization\"},\"potentialAction\":[{\"@type\":\"SearchAction\",\"target\":{\"@type\":\"EntryPoint\",\"urlTemplate\":\"https:\/\/juanluisdiazarquitectotecnico.com\/?s={search_term_string}\"},\"query-input\":{\"@type\":\"PropertyValueSpecification\",\"valueRequired\":true,\"valueName\":\"search_term_string\"}}],\"inLanguage\":\"en-US\"},{\"@type\":\"Organization\",\"@id\":\"https:\/\/juanluisdiazarquitectotecnico.com\/#organization\",\"name\":\"juanluisdiazarquitectotecnico\",\"url\":\"https:\/\/juanluisdiazarquitectotecnico.com\/\",\"logo\":{\"@type\":\"ImageObject\",\"inLanguage\":\"en-US\",\"@id\":\"https:\/\/juanluisdiazarquitectotecnico.com\/#\/schema\/logo\/image\/\",\"url\":\"https:\/\/juanluisdiazarquitectotecnico.com\/wp-content\/uploads\/2026\/02\/cropped-logo-web-1.jpg\",\"contentUrl\":\"https:\/\/juanluisdiazarquitectotecnico.com\/wp-content\/uploads\/2026\/02\/cropped-logo-web-1.jpg\",\"width\":512,\"height\":504,\"caption\":\"juanluisdiazarquitectotecnico\"},\"image\":{\"@id\":\"https:\/\/juanluisdiazarquitectotecnico.com\/#\/schema\/logo\/image\/\"}}]}<\/script>\n<!-- \/ Yoast SEO plugin. -->","yoast_head_json":{"title":"Accesibilidad - juanluisdiazarquitectotecnico","robots":{"index":"index","follow":"follow","max-snippet":"max-snippet:-1","max-image-preview":"max-image-preview:large","max-video-preview":"max-video-preview:-1"},"canonical":"https:\/\/juanluisdiazarquitectotecnico.com\/en\/accesibilidad\/","og_locale":"en_US","og_type":"article","og_title":"Accesibilidad - juanluisdiazarquitectotecnico","og_description":"Accesibilidad En Juan Luis Diaz Arquitecto T\u00e9cnico estamos firmemente comprometidos con la accesibilidad digital. Nuestro objetivo es que todas las personas, con independencia de sus capacidades, puedan navegar, comprender e interactuar con el contenido de nuestro sitio web nexustelecom.es de manera clara, sencilla y sin obst\u00e1culos. Compromiso con la accesibilidad La presente declaraci\u00f3n de accesibilidad se aplica al sitio web: https:\/\/juanluisdiazarquitectotecnico.com Nos esforzamos por cumplir con los requisitos del Real Decreto 1112\/2018, de 7 de septiembre, sobre accesibilidad de los sitios web y aplicaciones para dispositivos m\u00f3viles del sector p\u00fablico, as\u00ed como con las Pautas de Accesibilidad al Contenido en la Web (WCAG) 2.1, nivel AA, del W3C (World Wide Web Consortium). El sitio est\u00e1 dise\u00f1ado para ser compatible con las tecnolog\u00edas de asistencia actuales y navegadores modernos, respetando la norma UNE-EN 301549:2022, que establece los requisitos funcionales de accesibilidad TIC conforme al marco europeo. Medidas adoptadas En el desarrollo y mantenimiento del sitio web se han adoptado las siguientes medidas: -Estructura sem\u00e1ntica coherente de encabezados y contenido. -Navegaci\u00f3n por teclado accesible en todo el sitio. -Contrastes adecuados entre texto y fondo. &#8211; Im\u00e1genes relevantes con texto alternativo. &#8211; Formularios correctamente etiquetados. &#8211; Uso de etiquetas ARIA en componentes interactivos. &#8211; Contenido adaptado a dispositivos m\u00f3viles. Situaci\u00f3n en cumplimiento Este sitio web es parcialmente conforme con el RD 1112\/2018 debido a la posible existencia de contenidos no accesibles por motivos t\u00e9cnicos o desactualizaciones puntuales. Estamos trabajando activamente para subsanar cualquier posible deficiencia. Observaciones y datos de contacto Si encuentras barreras de acceso, errores o limitaciones en cualquier secci\u00f3n del sitio web, puedes comunicarlo a trav\u00e9s de los siguientes canales. Valoramos tu colaboraci\u00f3n para mejorar continuamente la accesibilidad: Email: juanludiazc@gmail.com Tel\u00e9fono: +34 644 59 12 32 Tambi\u00e9n puedes hacernos llegar tus sugerencias, quejas o solicitudes de informaci\u00f3n en formato accesible. Procedimiento de reclamaci\u00f3n Si la respuesta no es satisfactoria o no recibes contestaci\u00f3n en el plazo establecido, puedes presentar una reclamaci\u00f3n formal a trav\u00e9s de la Oficina de Atenci\u00f3n al Usuario en Materia de Accesibilidad del Ministerio de Asuntos Econ\u00f3micos y Transformaci\u00f3n Digital.","og_url":"https:\/\/juanluisdiazarquitectotecnico.com\/en\/accesibilidad\/","og_site_name":"juanluisdiazarquitectotecnico","article_modified_time":"2026-02-24T09:30:19+00:00","og_image":[{"url":"https:\/\/s.w.org\/images\/core\/emoji\/16.0.1\/svg\/1f4e7.svg","type":"","width":"","height":""}],"twitter_card":"summary_large_image","twitter_misc":{"Est. reading time":"2 minutes"},"schema":{"@context":"https:\/\/schema.org","@graph":[{"@type":"WebPage","@id":"https:\/\/juanluisdiazarquitectotecnico.com\/accesibilidad\/","url":"https:\/\/juanluisdiazarquitectotecnico.com\/accesibilidad\/","name":"Accesibilidad - juanluisdiazarquitectotecnico","isPartOf":{"@id":"https:\/\/juanluisdiazarquitectotecnico.com\/#website"},"primaryImageOfPage":{"@id":"https:\/\/juanluisdiazarquitectotecnico.com\/accesibilidad\/#primaryimage"},"image":{"@id":"https:\/\/juanluisdiazarquitectotecnico.com\/accesibilidad\/#primaryimage"},"thumbnailUrl":"https:\/\/s.w.org\/images\/core\/emoji\/16.0.1\/svg\/1f4e7.svg","datePublished":"2025-11-19T07:24:41+00:00","dateModified":"2026-02-24T09:30:19+00:00","breadcrumb":{"@id":"https:\/\/juanluisdiazarquitectotecnico.com\/accesibilidad\/#breadcrumb"},"inLanguage":"en-US","potentialAction":[{"@type":"ReadAction","target":["https:\/\/juanluisdiazarquitectotecnico.com\/accesibilidad\/"]}]},{"@type":"ImageObject","inLanguage":"en-US","@id":"https:\/\/juanluisdiazarquitectotecnico.com\/accesibilidad\/#primaryimage","url":"https:\/\/s.w.org\/images\/core\/emoji\/16.0.1\/svg\/1f4e7.svg","contentUrl":"https:\/\/s.w.org\/images\/core\/emoji\/16.0.1\/svg\/1f4e7.svg"},{"@type":"BreadcrumbList","@id":"https:\/\/juanluisdiazarquitectotecnico.com\/accesibilidad\/#breadcrumb","itemListElement":[{"@type":"ListItem","position":1,"name":"Portada","item":"https:\/\/juanluisdiazarquitectotecnico.com\/"},{"@type":"ListItem","position":2,"name":"Accesibilidad"}]},{"@type":"WebSite","@id":"https:\/\/juanluisdiazarquitectotecnico.com\/#website","url":"https:\/\/juanluisdiazarquitectotecnico.com\/","name":"juanluisdiazar architecttechnician","description":"","publisher":{"@id":"https:\/\/juanluisdiazarquitectotecnico.com\/#organization"},"potentialAction":[{"@type":"SearchAction","target":{"@type":"EntryPoint","urlTemplate":"https:\/\/juanluisdiazarquitectotecnico.com\/?s={search_term_string}"},"query-input":{"@type":"PropertyValueSpecification","valueRequired":true,"valueName":"search_term_string"}}],"inLanguage":"en-US"},{"@type":"Organization","@id":"https:\/\/juanluisdiazarquitectotecnico.com\/#organization","name":"juanluisdiazar architecttechnician","url":"https:\/\/juanluisdiazarquitectotecnico.com\/","logo":{"@type":"ImageObject","inLanguage":"en-US","@id":"https:\/\/juanluisdiazarquitectotecnico.com\/#\/schema\/logo\/image\/","url":"https:\/\/juanluisdiazarquitectotecnico.com\/wp-content\/uploads\/2026\/02\/cropped-logo-web-1.jpg","contentUrl":"https:\/\/juanluisdiazarquitectotecnico.com\/wp-content\/uploads\/2026\/02\/cropped-logo-web-1.jpg","width":512,"height":504,"caption":"juanluisdiazarquitectotecnico"},"image":{"@id":"https:\/\/juanluisdiazarquitectotecnico.com\/#\/schema\/logo\/image\/"}}]}},"_links":{"self":[{"href":"https:\/\/juanluisdiazarquitectotecnico.com\/en\/wp-json\/wp\/v2\/pages\/529","targetHints":{"allow":["GET"]}}],"collection":[{"href":"https:\/\/juanluisdiazarquitectotecnico.com\/en\/wp-json\/wp\/v2\/pages"}],"about":[{"href":"https:\/\/juanluisdiazarquitectotecnico.com\/en\/wp-json\/wp\/v2\/types\/page"}],"author":[{"embeddable":true,"href":"https:\/\/juanluisdiazarquitectotecnico.com\/en\/wp-json\/wp\/v2\/users\/1"}],"replies":[{"embeddable":true,"href":"https:\/\/juanluisdiazarquitectotecnico.com\/en\/wp-json\/wp\/v2\/comments?post=529"}],"version-history":[{"count":9,"href":"https:\/\/juanluisdiazarquitectotecnico.com\/en\/wp-json\/wp\/v2\/pages\/529\/revisions"}],"predecessor-version":[{"id":694,"href":"https:\/\/juanluisdiazarquitectotecnico.com\/en\/wp-json\/wp\/v2\/pages\/529\/revisions\/694"}],"wp:attachment":[{"href":"https:\/\/juanluisdiazarquitectotecnico.com\/en\/wp-json\/wp\/v2\/media?parent=529"}],"curies":[{"name":"wp","href":"https:\/\/api.w.org\/{rel}","templated":true}]}}